{"id":7972,"date":"2024-08-08T10:07:44","date_gmt":"2024-08-08T10:07:44","guid":{"rendered":"https:\/\/fusionengineering.al\/?page_id=7972"},"modified":"2026-03-27T15:42:02","modified_gmt":"2026-03-27T15:42:02","slug":"siguria-mbrojtja-ne-pune","status":"publish","type":"page","link":"https:\/\/fusionengineering.al\/en\/services\/siguria-mbrojtja-ne-pune\/","title":{"rendered":"Safety \/ Protection at Work"},"content":{"rendered":"<div data-elementor-type=\"wp-page\" data-elementor-id=\"7972\" class=\"elementor elementor-7972\" data-elementor-post-type=\"page\">\n\t\t\t\t\t\t<section class=\"elementor-section elementor-top-section elementor-element elementor-element-42d8b47 elementor-section-boxed elementor-section-height-default elementor-section-height-default\" data-id=\"42d8b47\" data-element_type=\"section\" data-e-type=\"section\" data-settings=\"{&quot;background_background&quot;:&quot;classic&quot;}\">\n\t\t\t\t\t\t\t<div class=\"elementor-background-overlay\"><\/div>\n\t\t\t\t\t\t\t<div class=\"elementor-container elementor-column-gap-default\">\n\t\t\t\t\t<div class=\"elementor-column elementor-col-100 elementor-top-column elementor-element elementor-element-06c86df\" data-id=\"06c86df\" data-element_type=\"column\" data-e-type=\"column\">\n\t\t\t<div class=\"elementor-widget-wrap elementor-element-populated\">\n\t\t\t\t\t\t<div class=\"elementor-element elementor-element-4383ec0 elementor-invisible elementor-widget elementor-widget-heading\" data-id=\"4383ec0\" data-element_type=\"widget\" data-e-type=\"widget\" data-settings=\"{&quot;_animation&quot;:&quot;fadeInUp&quot;}\" data-widget_type=\"heading.default\">\n\t\t\t\t<div class=\"elementor-widget-container\">\n\t\t\t\t\t<h1 class=\"elementor-heading-title elementor-size-default\">SIGURIA &amp; SH\u00cbNDETI N\u00cb PUN\u00cb<\/h1>\t\t\t\t<\/div>\n\t\t\t\t<\/div>\n\t\t\t\t\t<\/div>\n\t\t<\/div>\n\t\t\t\t\t<\/div>\n\t\t<\/section>\n\t\t\t\t<section class=\"elementor-section elementor-top-section elementor-element elementor-element-cf2e422 elementor-section-boxed elementor-section-height-default elementor-section-height-default\" data-id=\"cf2e422\" data-element_type=\"section\" data-e-type=\"section\">\n\t\t\t\t\t\t<div class=\"elementor-container elementor-column-gap-default\">\n\t\t\t\t\t<div class=\"elementor-column elementor-col-66 elementor-top-column elementor-element elementor-element-6c2ed18 elementor-invisible\" data-id=\"6c2ed18\" data-element_type=\"column\" data-e-type=\"column\" data-settings=\"{&quot;animation&quot;:&quot;fadeIn&quot;,&quot;animation_delay&quot;:200}\">\n\t\t\t<div class=\"elementor-widget-wrap elementor-element-populated\">\n\t\t\t\t\t\t<div class=\"elementor-element elementor-element-26ea630 elementor-widget elementor-widget-heading\" data-id=\"26ea630\" data-element_type=\"widget\" data-e-type=\"widget\" data-widget_type=\"heading.default\">\n\t\t\t\t<div class=\"elementor-widget-container\">\n\t\t\t\t\t<h3 class=\"elementor-heading-title elementor-size-default\">Detajet<\/h3>\t\t\t\t<\/div>\n\t\t\t\t<\/div>\n\t\t\t\t<div class=\"elementor-element elementor-element-4b09c20 elementor-widget elementor-widget-text-editor\" data-id=\"4b09c20\" data-element_type=\"widget\" data-e-type=\"widget\" data-widget_type=\"text-editor.default\">\n\t\t\t\t<div class=\"elementor-widget-container\">\n\t\t\t\t\t\t\t\t\tStafi yn\u00eb \u00ebsht\u00eb i paisur me ekspertiz\u00ebn e nevoj\u00ebshme p\u00ebr t\u00eb mbuluar problematika apo boshll\u00ebqe n\u00eb bisnesin tuaj. Ne ofrojm\u00eb nj\u00eb gam\u00eb t\u00eb gj\u00ebr\u00eb sh\u00ebrbimesh n\u00eb k\u00ebt\u00eb fush\u00eb dhe mund\u00ebsi bashk\u00ebpunimi sipas nevojave tuaja duke q\u00ebn\u00eb fleksib\u00ebl p\u00ebr t\u00eb dh\u00ebn\u00eb konsulenc\u00ebn ton\u00eb profesionale br\u00ebnda buxhetit t\u00eb kompanis\u00eb tuaj.\t\t\t\t\t\t\t\t<\/div>\n\t\t\t\t<\/div>\n\t\t\t\t<div class=\"elementor-element elementor-element-bbbe61a elementor-widget elementor-widget-text-editor\" data-id=\"bbbe61a\" data-element_type=\"widget\" data-e-type=\"widget\" data-widget_type=\"text-editor.default\">\n\t\t\t\t<div class=\"elementor-widget-container\">\n\t\t\t\t\t\t\t\t\tSh\u00ebrbimet tona ne k\u00ebt\u00eb fushe jane te fokusuara ne zgjidhje praktike dhe inovative per te garantuar nj\u00eb ambient pune te sigurte me synimin e vet\u00ebm te shmangies se incidenteve apo aksidenteve ne pune. Ne kemi zhvilluar sisteme te mbrojtjes kolektive per kantieret e nd\u00ebrtimit sipas k\u00ebrkesave ligjore te republik\u00ebs se Shqip\u00ebris\u00eb e standardeve nd\u00ebrkomb\u00ebtare. Jemi te p\u00ebrkushtuar per zhvillimin e skemave profesionale te vler\u00ebsimit te Aftesise te punonj\u00ebsve per te gjith\u00eb llojet e profesioneve. Ne kemi zhvilluar programe trajnuese ne rank kombetar per studentet perpara diplomimit ne fushen e sigurise e shendetit ne pune, higjenes industriale e mjedisit te punes, kjo per te siguruar drejtuesit e ardhshem me aftesite e nevojeshme ne kete fushe duke bere te mundur reduktimin e incidenteve apo aksidenteve ne pune.\t\t\t\t\t\t\t\t<\/div>\n\t\t\t\t<\/div>\n\t\t\t\t<div class=\"elementor-element elementor-element-90e4c2c elementor-widget elementor-widget-image\" data-id=\"90e4c2c\" data-element_type=\"widget\" data-e-type=\"widget\" data-widget_type=\"image.default\">\n\t\t\t\t<div class=\"elementor-widget-container\">\n\t\t\t\t\t\t\t\t\t\t\t\t\t\t\t<img fetchpriority=\"high\" decoding=\"async\" width=\"1024\" height=\"1024\" src=\"https:\/\/fusionengineering.al\/wp-content\/uploads\/2024\/06\/file-zRc2PYX6rRVPovPDURGC2F1i.jpg\" class=\"attachment-large size-large wp-image-7028\" alt=\"\" srcset=\"https:\/\/fusionengineering.al\/wp-content\/uploads\/2024\/06\/file-zRc2PYX6rRVPovPDURGC2F1i.jpg 1024w, https:\/\/fusionengineering.al\/wp-content\/uploads\/2024\/06\/file-zRc2PYX6rRVPovPDURGC2F1i-300x300.jpg 300w, https:\/\/fusionengineering.al\/wp-content\/uploads\/2024\/06\/file-zRc2PYX6rRVPovPDURGC2F1i-150x150.jpg 150w, https:\/\/fusionengineering.al\/wp-content\/uploads\/2024\/06\/file-zRc2PYX6rRVPovPDURGC2F1i-768x768.jpg 768w, https:\/\/fusionengineering.al\/wp-content\/uploads\/2024\/06\/file-zRc2PYX6rRVPovPDURGC2F1i-12x12.jpg 12w\" sizes=\"(max-width: 1024px) 100vw, 1024px\" \/>\t\t\t\t\t\t\t\t\t\t\t\t\t\t\t<\/div>\n\t\t\t\t<\/div>\n\t\t\t\t\t<\/div>\n\t\t<\/div>\n\t\t\t\t<div class=\"elementor-column elementor-col-33 elementor-top-column elementor-element elementor-element-74a0f8b elementor-invisible\" data-id=\"74a0f8b\" data-element_type=\"column\" data-e-type=\"column\" data-settings=\"{&quot;animation&quot;:&quot;fadeIn&quot;,&quot;animation_delay&quot;:300}\">\n\t\t\t<div class=\"elementor-widget-wrap elementor-element-populated\">\n\t\t\t\t\t\t<section class=\"elementor-section elementor-inner-section elementor-element elementor-element-e445500 elementor-section-boxed elementor-section-height-default elementor-section-height-default\" data-id=\"e445500\" data-element_type=\"section\" data-e-type=\"section\" data-settings=\"{&quot;background_background&quot;:&quot;classic&quot;}\">\n\t\t\t\t\t\t<div class=\"elementor-container elementor-column-gap-default\">\n\t\t\t\t\t<div class=\"elementor-column elementor-col-100 elementor-inner-column elementor-element elementor-element-6575a1e\" data-id=\"6575a1e\" data-element_type=\"column\" data-e-type=\"column\">\n\t\t\t<div class=\"elementor-widget-wrap elementor-element-populated\">\n\t\t\t\t\t\t<div class=\"elementor-element elementor-element-c1c9068 elementor-widget elementor-widget-heading\" data-id=\"c1c9068\" data-element_type=\"widget\" data-e-type=\"widget\" data-widget_type=\"heading.default\">\n\t\t\t\t<div class=\"elementor-widget-container\">\n\t\t\t\t\t<h3 class=\"elementor-heading-title elementor-size-default\">Get Offer<\/h3>\t\t\t\t<\/div>\n\t\t\t\t<\/div>\n\t\t\t\t<div class=\"elementor-element elementor-element-afda221 elementor-align-left elementor-widget elementor-widget-button\" data-id=\"afda221\" data-element_type=\"widget\" data-e-type=\"widget\" data-widget_type=\"button.default\">\n\t\t\t\t<div class=\"elementor-widget-container\">\n\t\t\t\t\t\t\t\t\t<div class=\"elementor-button-wrapper\">\n\t\t\t\t\t<a class=\"elementor-button elementor-button-link elementor-size-sm\" href=\"https:\/\/fusionengineering.al\/en\/contact-us-old\/\">\n\t\t\t\t\t\t<span class=\"elementor-button-content-wrapper\">\n\t\t\t\t\t\t\t\t\t<span class=\"elementor-button-text\">kONTAKT <\/span>\n\t\t\t\t\t<\/span>\n\t\t\t\t\t<\/a>\n\t\t\t\t<\/div>\n\t\t\t\t\t\t\t\t<\/div>\n\t\t\t\t<\/div>\n\t\t\t\t\t<\/div>\n\t\t<\/div>\n\t\t\t\t\t<\/div>\n\t\t<\/section>\n\t\t\t\t<section class=\"elementor-section elementor-inner-section elementor-element elementor-element-410c1a5 elementor-section-boxed elementor-section-height-default elementor-section-height-default\" data-id=\"410c1a5\" data-element_type=\"section\" data-e-type=\"section\" data-settings=\"{&quot;background_background&quot;:&quot;classic&quot;}\">\n\t\t\t\t\t\t<div class=\"elementor-container elementor-column-gap-default\">\n\t\t\t\t\t<div class=\"elementor-column elementor-col-100 elementor-inner-column elementor-element elementor-element-dcaede6\" data-id=\"dcaede6\" data-element_type=\"column\" data-e-type=\"column\">\n\t\t\t<div class=\"elementor-widget-wrap elementor-element-populated\">\n\t\t\t\t\t\t<div class=\"elementor-element elementor-element-df8cbe8 elementor-widget elementor-widget-heading\" data-id=\"df8cbe8\" data-element_type=\"widget\" data-e-type=\"widget\" data-widget_type=\"heading.default\">\n\t\t\t\t<div class=\"elementor-widget-container\">\n\t\t\t\t\t<h4 class=\"elementor-heading-title elementor-size-default\">Ju duhet ndihme akoma?<\/h4>\t\t\t\t<\/div>\n\t\t\t\t<\/div>\n\t\t\t\t<div class=\"elementor-element elementor-element-004dc20 elementor-widget elementor-widget-text-editor\" data-id=\"004dc20\" data-element_type=\"widget\" data-e-type=\"widget\" data-widget_type=\"text-editor.default\">\n\t\t\t\t<div class=\"elementor-widget-container\">\n\t\t\t\t\t\t\t\t\tKontaktoni ne nje nga format e kontaktit te listuara me poshte:\t\t\t\t\t\t\t\t<\/div>\n\t\t\t\t<\/div>\n\t\t\t\t<div class=\"elementor-element elementor-element-81b3e4b elementor-view-framed elementor-position-inline-start elementor-mobile-position-inline-start elementor-widget-tablet__width-initial elementor-shape-circle elementor-widget elementor-widget-icon-box\" data-id=\"81b3e4b\" data-element_type=\"widget\" data-e-type=\"widget\" data-widget_type=\"icon-box.default\">\n\t\t\t\t<div class=\"elementor-widget-container\">\n\t\t\t\t\t\t\t<div class=\"elementor-icon-box-wrapper\">\n\n\t\t\t\t\t\t<div class=\"elementor-icon-box-icon\">\n\t\t\t\t<a href=\"http:\/\/tel;+355%2069%20852%200020\" class=\"elementor-icon\" tabindex=\"-1\" aria-label=\"Telefono ketu:\">\n\t\t\t\t<i aria-hidden=\"true\" class=\"fas fa-phone\"><\/i>\t\t\t\t<\/a>\n\t\t\t<\/div>\n\t\t\t\n\t\t\t\t\t\t<div class=\"elementor-icon-box-content\">\n\n\t\t\t\t\t\t\t\t\t<div class=\"elementor-icon-box-title\">\n\t\t\t\t\t\t<a href=\"http:\/\/tel;+355%2069%20852%200020\" >\n\t\t\t\t\t\t\tTelefono ketu:\t\t\t\t\t\t<\/a>\n\t\t\t\t\t<\/div>\n\t\t\t\t\n\t\t\t\t\t\t\t\t\t<p class=\"elementor-icon-box-description\">\n\t\t\t\t\t\t+355 69 852 0020\t\t\t\t\t<\/p>\n\t\t\t\t\n\t\t\t<\/div>\n\t\t\t\n\t\t<\/div>\n\t\t\t\t\t\t<\/div>\n\t\t\t\t<\/div>\n\t\t\t\t<div class=\"elementor-element elementor-element-1b00173 elementor-view-framed elementor-position-inline-start elementor-mobile-position-inline-start elementor-widget-tablet__width-initial elementor-shape-circle elementor-widget elementor-widget-icon-box\" data-id=\"1b00173\" data-element_type=\"widget\" data-e-type=\"widget\" data-widget_type=\"icon-box.default\">\n\t\t\t\t<div class=\"elementor-widget-container\">\n\t\t\t\t\t\t\t<div class=\"elementor-icon-box-wrapper\">\n\n\t\t\t\t\t\t<div class=\"elementor-icon-box-icon\">\n\t\t\t\t<a href=\"mailto:info@fusionengineering.al\" class=\"elementor-icon\" tabindex=\"-1\" aria-label=\"Na dergoni email:\">\n\t\t\t\t<i aria-hidden=\"true\" class=\"fas fa-envelope\"><\/i>\t\t\t\t<\/a>\n\t\t\t<\/div>\n\t\t\t\n\t\t\t\t\t\t<div class=\"elementor-icon-box-content\">\n\n\t\t\t\t\t\t\t\t\t<div class=\"elementor-icon-box-title\">\n\t\t\t\t\t\t<a href=\"mailto:info@fusionengineering.al\" >\n\t\t\t\t\t\t\tNa dergoni email:\t\t\t\t\t\t<\/a>\n\t\t\t\t\t<\/div>\n\t\t\t\t\n\t\t\t\t\t\t\t\t\t<p class=\"elementor-icon-box-description\">\n\t\t\t\t\t\tinfo@fusionengineering.al\t\t\t\t\t<\/p>\n\t\t\t\t\n\t\t\t<\/div>\n\t\t\t\n\t\t<\/div>\n\t\t\t\t\t\t<\/div>\n\t\t\t\t<\/div>\n\t\t\t\t\t<\/div>\n\t\t<\/div>\n\t\t\t\t\t<\/div>\n\t\t<\/section>\n\t\t\t\t\t<\/div>\n\t\t<\/div>\n\t\t\t\t\t<\/div>\n\t\t<\/section>\n\t\t\t\t<\/div>","protected":false},"excerpt":{"rendered":"<p>SIGURIA &amp; SH\u00cbNDETI N\u00cb PUN\u00cb Detajet Stafi yn\u00eb \u00ebsht\u00eb i paisur me ekspertiz\u00ebn e nevoj\u00ebshme p\u00ebr t\u00eb mbuluar problematika apo boshll\u00ebqe n\u00eb bisnesin tuaj. Ne ofrojm\u00eb nj\u00eb gam\u00eb t\u00eb gj\u00ebr\u00eb sh\u00ebrbimesh n\u00eb k\u00ebt\u00eb fush\u00eb dhe mund\u00ebsi bashk\u00ebpunimi sipas nevojave tuaja duke q\u00ebn\u00eb fleksib\u00ebl p\u00ebr t\u00eb dh\u00ebn\u00eb konsulenc\u00ebn ton\u00eb profesionale br\u00ebnda buxhetit t\u00eb kompanis\u00eb tuaj.Sh\u00ebrbimet tona [&hellip;]<\/p>\n","protected":false},"author":1,"featured_media":0,"parent":6844,"menu_order":0,"comment_status":"closed","ping_status":"closed","template":"","meta":{"_acf_changed":false,"site-sidebar-layout":"no-sidebar","site-content-layout":"page-builder","ast-site-content-layout":"full-width-container","site-content-style":"default","site-sidebar-style":"default","ast-global-header-display":"","ast-banner-title-visibility":"","ast-main-header-display":"","ast-hfb-above-header-display":"","ast-hfb-below-header-display":"","ast-hfb-mobile-header-display":"","site-post-title":"disabled","ast-breadcrumbs-content":"","ast-featured-img":"disabled","footer-sml-layout":"","ast-disable-related-posts":"","theme-transparent-header-meta":"default","adv-header-id-meta":"","stick-header-meta":"default","header-above-stick-meta":"","header-main-stick-meta":"","header-below-stick-meta":"","astra-migrate-meta-layouts":"set","ast-page-background-enabled":"default","ast-page-background-meta":{"desktop":{"background-color":"","background-image":"","background-repeat":"repeat","background-position":"center center","background-size":"auto","background-attachment":"scroll","background-type":"","background-media":"","overlay-type":"","overlay-color":"","overlay-opacity":"","overlay-gradient":""},"tablet":{"background-color":"","background-image":"","background-repeat":"repeat","background-position":"center center","background-size":"auto","background-attachment":"scroll","background-type":"","background-media":"","overlay-type":"","overlay-color":"","overlay-opacity":"","overlay-gradient":""},"mobile":{"background-color":"","background-image":"","background-repeat":"repeat","background-position":"center center","background-size":"auto","background-attachment":"scroll","background-type":"","background-media":"","overlay-type":"","overlay-color":"","overlay-opacity":"","overlay-gradient":""}},"ast-content-background-meta":{"desktop":{"background-color":"var(--ast-global-color-5)","background-image":"","background-repeat":"repeat","background-position":"center center","background-size":"auto","background-attachment":"scroll","background-type":"","background-media":"","overlay-type":"","overlay-color":"","overlay-opacity":"","overlay-gradient":""},"tablet":{"background-color":"var(--ast-global-color-5)","background-image":"","background-repeat":"repeat","background-position":"center center","background-size":"auto","background-attachment":"scroll","background-type":"","background-media":"","overlay-type":"","overlay-color":"","overlay-opacity":"","overlay-gradient":""},"mobile":{"background-color":"var(--ast-global-color-5)","background-image":"","background-repeat":"repeat","background-position":"center center","background-size":"auto","background-attachment":"scroll","background-type":"","background-media":"","overlay-type":"","overlay-color":"","overlay-opacity":"","overlay-gradient":""}},"footnotes":""},"class_list":["post-7972","page","type-page","status-publish","hentry"],"acf":[],"_links":{"self":[{"href":"https:\/\/fusionengineering.al\/en\/wp-json\/wp\/v2\/pages\/7972","targetHints":{"allow":["GET"]}}],"collection":[{"href":"https:\/\/fusionengineering.al\/en\/wp-json\/wp\/v2\/pages"}],"about":[{"href":"https:\/\/fusionengineering.al\/en\/wp-json\/wp\/v2\/types\/page"}],"author":[{"embeddable":true,"href":"https:\/\/fusionengineering.al\/en\/wp-json\/wp\/v2\/users\/1"}],"replies":[{"embeddable":true,"href":"https:\/\/fusionengineering.al\/en\/wp-json\/wp\/v2\/comments?post=7972"}],"version-history":[{"count":0,"href":"https:\/\/fusionengineering.al\/en\/wp-json\/wp\/v2\/pages\/7972\/revisions"}],"up":[{"embeddable":true,"href":"https:\/\/fusionengineering.al\/en\/wp-json\/wp\/v2\/pages\/6844"}],"wp:attachment":[{"href":"https:\/\/fusionengineering.al\/en\/wp-json\/wp\/v2\/media?parent=7972"}],"curies":[{"name":"wp","href":"https:\/\/api.w.org\/{rel}","templated":true}]}}